{"id":460,"date":"2023-04-03T18:40:55","date_gmt":"2023-04-03T16:40:55","guid":{"rendered":"https:\/\/sd-internet-service.de\/?page_id=460"},"modified":"2023-04-03T19:59:36","modified_gmt":"2023-04-03T17:59:36","slug":"deutsche-glasfaser","status":"publish","type":"page","link":"https:\/\/sd-internet-service.de\/index.php\/deutsche-glasfaser\/","title":{"rendered":"Deutsche Glasfaser*"},"content":{"rendered":"\t\t<div data-elementor-type=\"wp-page\" data-elementor-id=\"460\" class=\"elementor elementor-460\">\n\t\t\t\t\t\t<section class=\"elementor-section elementor-top-section elementor-element elementor-element-a2aa458 elementor-section-boxed elementor-section-height-default elementor-section-height-default\" data-id=\"a2aa458\" data-element_type=\"section\" data-e-type=\"section\">\n\t\t\t\t\t\t<div class=\"elementor-container elementor-column-gap-default\">\n\t\t\t\t\t<div class=\"elementor-column elementor-col-100 elementor-top-column elementor-element elementor-element-dc83d6f\" data-id=\"dc83d6f\" data-element_type=\"column\" data-e-type=\"column\">\n\t\t\t<div class=\"elementor-widget-wrap elementor-element-populated\">\n\t\t\t\t\t\t<div class=\"elementor-element elementor-element-e9bcff1 elementor-widget elementor-widget-text-editor\" data-id=\"e9bcff1\" data-element_type=\"widget\" data-e-type=\"widget\" data-widget_type=\"text-editor.default\">\n\t\t\t\t<div class=\"elementor-widget-container\">\n\t\t\t\t\t\t\t\t\t<p>Deutsche Glasfaser ist ein Telekommunikationsunternehmen mit Sitz in Borken, Deutschland. Es wurde im Jahr 2011 gegr\u00fcndet und ist auf den Ausbau und Betrieb von Glasfasernetzen spezialisiert. Das Unternehmen bietet schnelles Internet, Telefonie und Fernsehen \u00fcber Glasfaser an und hat sich zum Ziel gesetzt, das Internet in Deutschland fl\u00e4chendeckend auszubauen.<\/p><p>Deutsche Glasfaser setzt dabei auf eine offene Infrastruktur, die es anderen Anbietern erm\u00f6glicht, ihre Dienste ebenfalls \u00fcber das Glasfasernetz anzubieten. Das Unternehmen kooperiert hierf\u00fcr auch mit Kommunen und Landkreisen, um den Ausbau in l\u00e4ndlichen Regionen voranzutreiben.<\/p><p>Das Angebot von Deutsche Glasfaser richtet sich vor allem an Privathaushalte, aber auch an Gesch\u00e4ftskunden. Das Unternehmen hat inzwischen rund 600.000 Kunden und geh\u00f6rt zu den f\u00fchrenden Anbietern von Glasfaseranschl\u00fcssen in Deutschland.<\/p>\t\t\t\t\t\t\t\t<\/div>\n\t\t\t\t<\/div>\n\t\t\t\t\t<\/div>\n\t\t<\/div>\n\t\t\t\t\t<\/div>\n\t\t<\/section>\n\t\t\t\t<section class=\"elementor-section elementor-top-section elementor-element elementor-element-fecd1c2 elementor-section-boxed elementor-section-height-default elementor-section-height-default\" data-id=\"fecd1c2\" data-element_type=\"section\" data-e-type=\"section\">\n\t\t\t\t\t\t<div class=\"elementor-container elementor-column-gap-default\">\n\t\t\t\t\t<div class=\"elementor-column elementor-col-33 elementor-top-column elementor-element elementor-element-75c31a5\" data-id=\"75c31a5\" data-element_type=\"column\" data-e-type=\"column\">\n\t\t\t<div class=\"elementor-widget-wrap elementor-element-populated\">\n\t\t\t\t\t\t<div class=\"elementor-element elementor-element-4e98f91 elementor-widget elementor-widget-html\" data-id=\"4e98f91\" data-element_type=\"widget\" data-e-type=\"widget\" data-widget_type=\"html.default\">\n\t\t\t\t<div class=\"elementor-widget-container\">\n\t\t\t\t\t\n<!-- START ADVERTISER: Deutsche Glasfaser DE from awin.com -->\n\n<a rel=\"sponsored noopener\" href=\"https:\/\/www.awin1.com\/cread.php?s=2124146&amp;v=11463&amp;q=332748&amp;r=660711\" target=\"_blank\">\n    <img decoding=\"async\" src=\"https:\/\/www.awin1.com\/cshow.php?s=2124146&v=11463&q=332748&r=660711\" border=\"0\">\n<\/a>\n\n<!-- END ADVERTISER: Deutsche Glasfaser DE from awin.com -->\n\t\t\t\t<\/div>\n\t\t\t\t<\/div>\n\t\t\t\t\t<\/div>\n\t\t<\/div>\n\t\t\t\t<div class=\"elementor-column elementor-col-33 elementor-top-column elementor-element elementor-element-0add88c\" data-id=\"0add88c\" data-element_type=\"column\" data-e-type=\"column\">\n\t\t\t<div class=\"elementor-widget-wrap elementor-element-populated\">\n\t\t\t\t\t\t<div class=\"elementor-element elementor-element-9dd9a2f elementor-widget elementor-widget-html\" data-id=\"9dd9a2f\" data-element_type=\"widget\" data-e-type=\"widget\" data-widget_type=\"html.default\">\n\t\t\t\t<div class=\"elementor-widget-container\">\n\t\t\t\t\t\n<!-- START ADVERTISER: Deutsche Glasfaser DE from awin.com -->\n\n<a rel=\"sponsored noopener\" href=\"https:\/\/www.awin1.com\/cread.php?s=2124143&amp;v=11463&amp;q=332745&amp;r=660711\" target=\"_blank\">\n    <img decoding=\"async\" src=\"https:\/\/www.awin1.com\/cshow.php?s=2124143&v=11463&q=332745&r=660711\" border=\"0\">\n<\/a>\n\n<!-- END ADVERTISER: Deutsche Glasfaser DE from awin.com -->\n\t\t\t\t<\/div>\n\t\t\t\t<\/div>\n\t\t\t\t\t<\/div>\n\t\t<\/div>\n\t\t\t\t<div class=\"elementor-column elementor-col-33 elementor-top-column elementor-element elementor-element-176ddf2\" data-id=\"176ddf2\" data-element_type=\"column\" data-e-type=\"column\">\n\t\t\t<div class=\"elementor-widget-wrap elementor-element-populated\">\n\t\t\t\t\t\t<div class=\"elementor-element elementor-element-622391e elementor-widget elementor-widget-html\" data-id=\"622391e\" data-element_type=\"widget\" data-e-type=\"widget\" data-widget_type=\"html.default\">\n\t\t\t\t<div class=\"elementor-widget-container\">\n\t\t\t\t\t\n<!-- START ADVERTISER: Deutsche Glasfaser DE from awin.com -->\n\n<a rel=\"sponsored noopener\" href=\"https:\/\/www.awin1.com\/cread.php?s=2124144&amp;v=11463&amp;q=332746&amp;r=660711\" target=\"_blank\">\n    <img decoding=\"async\" src=\"https:\/\/www.awin1.com\/cshow.php?s=2124144&v=11463&q=332746&r=660711\" border=\"0\">\n<\/a>\n\n<!-- END ADVERTISER: Deutsche Glasfaser DE from awin.com -->\n\t\t\t\t<\/div>\n\t\t\t\t<\/div>\n\t\t\t\t\t<\/div>\n\t\t<\/div>\n\t\t\t\t\t<\/div>\n\t\t<\/section>\n\t\t\t\t<section class=\"elementor-section elementor-top-section elementor-element elementor-element-3152966 elementor-section-boxed elementor-section-height-default elementor-section-height-default\" data-id=\"3152966\" data-element_type=\"section\" data-e-type=\"section\">\n\t\t\t\t\t\t<div class=\"elementor-container elementor-column-gap-default\">\n\t\t\t\t\t<div class=\"elementor-column elementor-col-33 elementor-top-column elementor-element elementor-element-7dd278e\" data-id=\"7dd278e\" data-element_type=\"column\" data-e-type=\"column\">\n\t\t\t<div class=\"elementor-widget-wrap elementor-element-populated\">\n\t\t\t\t\t\t<div class=\"elementor-element elementor-element-2116b8d elementor-widget elementor-widget-html\" data-id=\"2116b8d\" data-element_type=\"widget\" data-e-type=\"widget\" data-widget_type=\"html.default\">\n\t\t\t\t<div class=\"elementor-widget-container\">\n\t\t\t\t\t\n<!-- START ADVERTISER: Deutsche Glasfaser DE from awin.com -->\n\n<a rel=\"sponsored noopener\" href=\"https:\/\/www.awin1.com\/cread.php?s=2124145&amp;v=11463&amp;q=332747&amp;r=660711\" target=\"_blank\">\n    <img decoding=\"async\" src=\"https:\/\/www.awin1.com\/cshow.php?s=2124145&v=11463&q=332747&r=660711\" border=\"0\">\n<\/a>\n\n<!-- END ADVERTISER: Deutsche Glasfaser DE from awin.com -->\n\t\t\t\t<\/div>\n\t\t\t\t<\/div>\n\t\t\t\t\t<\/div>\n\t\t<\/div>\n\t\t\t\t<div class=\"elementor-column elementor-col-33 elementor-top-column elementor-element elementor-element-ed2e988\" data-id=\"ed2e988\" data-element_type=\"column\" data-e-type=\"column\">\n\t\t\t<div class=\"elementor-widget-wrap elementor-element-populated\">\n\t\t\t\t\t\t<div class=\"elementor-element elementor-element-b9c2566 elementor-widget elementor-widget-html\" data-id=\"b9c2566\" data-element_type=\"widget\" data-e-type=\"widget\" data-widget_type=\"html.default\">\n\t\t\t\t<div class=\"elementor-widget-container\">\n\t\t\t\t\t\n<!-- START ADVERTISER: Deutsche Glasfaser DE from awin.com -->\n\n<a rel=\"sponsored noopener\" href=\"https:\/\/www.awin1.com\/cread.php?s=2125948&amp;v=11463&amp;q=332890&amp;r=660711\" target=\"_blank\">\n    <img decoding=\"async\" src=\"https:\/\/www.awin1.com\/cshow.php?s=2125948&v=11463&q=332890&r=660711\" border=\"0\">\n<\/a>\n\n<!-- END ADVERTISER: Deutsche Glasfaser DE from awin.com -->\n\t\t\t\t<\/div>\n\t\t\t\t<\/div>\n\t\t\t\t\t<\/div>\n\t\t<\/div>\n\t\t\t\t<div class=\"elementor-column elementor-col-33 elementor-top-column elementor-element elementor-element-8cd50ba\" data-id=\"8cd50ba\" data-element_type=\"column\" data-e-type=\"column\">\n\t\t\t<div class=\"elementor-widget-wrap elementor-element-populated\">\n\t\t\t\t\t\t<div class=\"elementor-element elementor-element-e5c21d9 elementor-widget elementor-widget-html\" data-id=\"e5c21d9\" data-element_type=\"widget\" data-e-type=\"widget\" data-widget_type=\"html.default\">\n\t\t\t\t<div class=\"elementor-widget-container\">\n\t\t\t\t\t\n<!-- START ADVERTISER: Deutsche Glasfaser DE from awin.com -->\n\n<a rel=\"sponsored noopener\" href=\"https:\/\/www.awin1.com\/cread.php?s=3185603&amp;v=11463&amp;q=441670&amp;r=660711\" target=\"_blank\">\n    <img decoding=\"async\" src=\"https:\/\/www.awin1.com\/cshow.php?s=3185603&v=11463&q=441670&r=660711\" border=\"0\">\n<\/a>\n\n<!-- END ADVERTISER: Deutsche Glasfaser DE from awin.com -->\n\t\t\t\t<\/div>\n\t\t\t\t<\/div>\n\t\t\t\t\t<\/div>\n\t\t<\/div>\n\t\t\t\t\t<\/div>\n\t\t<\/section>\n\t\t\t\t<section class=\"elementor-section elementor-top-section elementor-element elementor-element-2a63e4f elementor-section-boxed elementor-section-height-default elementor-section-height-default\" data-id=\"2a63e4f\" data-element_type=\"section\" data-e-type=\"section\">\n\t\t\t\t\t\t<div class=\"elementor-container elementor-column-gap-default\">\n\t\t\t\t\t<div class=\"elementor-column elementor-col-100 elementor-top-column elementor-element elementor-element-f564152\" data-id=\"f564152\" data-element_type=\"column\" data-e-type=\"column\">\n\t\t\t<div class=\"elementor-widget-wrap elementor-element-populated\">\n\t\t\t\t\t\t<div class=\"elementor-element elementor-element-b9edb84 elementor-widget elementor-widget-html\" data-id=\"b9edb84\" data-element_type=\"widget\" data-e-type=\"widget\" data-widget_type=\"html.default\">\n\t\t\t\t<div class=\"elementor-widget-container\">\n\t\t\t\t\t\n<a rel=\"sponsored noopener\" href=\"https:\/\/www.awin1.com\/awclick.php?gid=332748&amp;mid=11463&amp;awinaffid=660711&amp;linkid=2162871&amp;clickref=\" target=\"_blank\">Deutsche Glasfaser Verf\u00fcgbarkeitscheck<\/a>\n*\n\t\t\t\t<\/div>\n\t\t\t\t<\/div>\n\t\t\t\t\t<\/div>\n\t\t<\/div>\n\t\t\t\t\t<\/div>\n\t\t<\/section>\n\t\t\t\t<section class=\"elementor-section elementor-top-section elementor-element elementor-element-213ea74 elementor-section-boxed elementor-section-height-default elementor-section-height-default\" data-id=\"213ea74\" data-element_type=\"section\" data-e-type=\"section\">\n\t\t\t\t\t\t<div class=\"elementor-container elementor-column-gap-default\">\n\t\t\t\t\t<div class=\"elementor-column elementor-col-100 elementor-top-column elementor-element elementor-element-9c91dad\" data-id=\"9c91dad\" data-element_type=\"column\" data-e-type=\"column\">\n\t\t\t<div class=\"elementor-widget-wrap\">\n\t\t\t\t\t\t\t<\/div>\n\t\t<\/div>\n\t\t\t\t\t<\/div>\n\t\t<\/section>\n\t\t\t\t<section class=\"elementor-section elementor-top-section elementor-element elementor-element-517f45f elementor-section-boxed elementor-section-height-default elementor-section-height-default\" data-id=\"517f45f\" data-element_type=\"section\" data-e-type=\"section\">\n\t\t\t\t\t\t<div class=\"elementor-container elementor-column-gap-default\">\n\t\t\t\t\t<div class=\"elementor-column elementor-col-100 elementor-top-column elementor-element elementor-element-e2322ac\" data-id=\"e2322ac\" data-element_type=\"column\" data-e-type=\"column\">\n\t\t\t<div class=\"elementor-widget-wrap elementor-element-populated\">\n\t\t\t\t\t\t<div class=\"elementor-element elementor-element-9af2bd8 elementor-widget elementor-widget-text-editor\" data-id=\"9af2bd8\" data-element_type=\"widget\" data-e-type=\"widget\" data-widget_type=\"text-editor.default\">\n\t\t\t\t<div class=\"elementor-widget-container\">\n\t\t\t\t\t\t\t\t\t<p>* Was der Stern bedeutet: Mit einem * gekennzeichnete Links bedeuten, dass wir eine Provision erhalten, wenn eine Buchung oder eine bestimmte Aktion \u00fcber den verlinkten Anbieter erfolgt. Es entstehen keine zus\u00e4tzlichen Kosten f\u00fcr Sie. Au\u00dferdem erhalten wir kein Geld nur durch das Setzen von Links.<\/p>\t\t\t\t\t\t\t\t<\/div>\n\t\t\t\t<\/div>\n\t\t\t\t\t<\/div>\n\t\t<\/div>\n\t\t\t\t\t<\/div>\n\t\t<\/section>\n\t\t\t\t<\/div>\n\t\t","protected":false},"excerpt":{"rendered":"<p>Deutsche Glasfaser ist ein Telekommunikationsunternehmen mit Sitz in Borken, Deutschland. Es wurde im Jahr 2011 gegr\u00fcndet und ist auf den Ausbau und Betrieb von Glasfasernetzen spezialisiert. Das Unternehmen bietet schnelles Internet, Telefonie und Fernsehen \u00fcber Glasfaser an und hat sich zum Ziel gesetzt, das Internet in Deutschland fl\u00e4chendeckend auszubauen. Deutsche Glasfaser setzt dabei auf eine offene Infrastruktur, die es anderen<\/p>\n","protected":false},"author":1,"featured_media":0,"parent":0,"menu_order":0,"comment_status":"closed","ping_status":"closed","template":"","meta":{"footnotes":""},"class_list":["post-460","page","type-page","status-publish","hentry"],"jetpack-related-posts":[],"jetpack_sharing_enabled":true,"_links":{"self":[{"href":"https:\/\/sd-internet-service.de\/index.php\/wp-json\/wp\/v2\/pages\/460","targetHints":{"allow":["GET"]}}],"collection":[{"href":"https:\/\/sd-internet-service.de\/index.php\/wp-json\/wp\/v2\/pages"}],"about":[{"href":"https:\/\/sd-internet-service.de\/index.php\/wp-json\/wp\/v2\/types\/page"}],"author":[{"embeddable":true,"href":"https:\/\/sd-internet-service.de\/index.php\/wp-json\/wp\/v2\/users\/1"}],"replies":[{"embeddable":true,"href":"https:\/\/sd-internet-service.de\/index.php\/wp-json\/wp\/v2\/comments?post=460"}],"version-history":[{"count":11,"href":"https:\/\/sd-internet-service.de\/index.php\/wp-json\/wp\/v2\/pages\/460\/revisions"}],"predecessor-version":[{"id":474,"href":"https:\/\/sd-internet-service.de\/index.php\/wp-json\/wp\/v2\/pages\/460\/revisions\/474"}],"wp:attachment":[{"href":"https:\/\/sd-internet-service.de\/index.php\/wp-json\/wp\/v2\/media?parent=460"}],"curies":[{"name":"wp","href":"https:\/\/api.w.org\/{rel}","templated":true}]}}